{"id":6,"date":"2016-03-15T09:51:52","date_gmt":"2016-03-15T08:51:52","guid":{"rendered":"http:\/\/testwbb.stephanlamp.de\/?page_id=6"},"modified":"2016-03-15T09:51:52","modified_gmt":"2016-03-15T08:51:52","slug":"start","status":"publish","type":"page","link":"http:\/\/hosting147528.a2f48.netcup.net\/","title":{"rendered":"Start"},"content":{"rendered":"<p style=\"text-align: right;\"><strong><em>Nicht einfach nur Gassi gehen&#8230;\u00a0<\/em><\/strong><\/p>\n<p style=\"text-align: right;\"><strong><em>Hier ist ihr Gassi Service mit Pfiff \ud83d\ude42<\/em><\/strong><\/p>\n<figure id=\"attachment_35\" aria-describedby=\"caption-attachment-35\" style=\"width: 300px\" class=\"wp-caption alignnone\"><img loading=\"lazy\" class=\"size-medium wp-image-35\" src=\"http:\/\/fellnasen-express.de\/wp-content\/uploads\/2016\/03\/IMG_2644-1-300x200.jpg\" alt=\"Zuverl\u00e4ssig individuell und kompetent Gassi Service Berlin\" width=\"300\" height=\"200\" \/><figcaption id=\"caption-attachment-35\" class=\"wp-caption-text\">Zuverl\u00e4ssig individuell und kompetent Gassi Service Berlin<\/figcaption><\/figure>\n<figure id=\"attachment_54\" aria-describedby=\"caption-attachment-54\" style=\"width: 300px\" class=\"wp-caption alignright\"><img loading=\"lazy\" class=\"wp-image-54 size-medium\" src=\"http:\/\/fellnasen-express.de\/wp-content\/uploads\/2016\/03\/20160323_114503-300x169.jpg\" alt=\"Gassiservice Berlin Hundeerziehung Training \" width=\"300\" height=\"169\" \/><figcaption id=\"caption-attachment-54\" class=\"wp-caption-text\">Gassiservice Berlin Hundeerziehung Training Natur<\/figcaption><\/figure>\n<p style=\"text-align: center;\"><strong><em>Im Vordergrund stehen die individuellen Bed\u00fcrfnisse eines aber besonders ihres Hundes !<\/em><\/strong><\/p>\n<p style=\"text-align: center;\"><strong><em>W\u00e4hrend Frauchen \/Herrchen die Kekse verdienen m\u00fcssen ist im heutigen Alltag manchmal nicht genug Zeit am Ende des Tages \u00fcber, um dem treuen Freund gerecht zu werden.<\/em><\/strong><\/p>\n<p style=\"text-align: center;\"><strong><em>Ein Projekt oder andere Herausforderungen im Leben erfordern oftmals eine befristete, individuelle und zuverl\u00e4ssige Betreuung ihres Hundes &#8211; daf\u00fcr sind wir gerne da.<\/em><\/strong><\/p>\n<p style=\"text-align: center;\"><strong><em> Bewegung, Kommunikation und das Spiel mit Artgenossen ist genauso wichtig wie Erziehung und Zuneigung .<\/em><\/strong><\/p>\n<p style=\"text-align: center;\"><strong><em>Die geistige Beanspruchung\u00a0 z.b.: durch kleine Trainingseinheiten und das regelm\u00e4i\u00dfge &#8222;Abrufen&#8220; von Grundkommandos kommt bei uns nicht zu kurz !<\/em><\/strong><\/p>\n<p style=\"text-align: center;\"><strong><em>dennoch : Darf ihr Hund bei uns sein was er eben ist &#8211; ein Hund !<\/em><\/strong><\/p>\n<p style=\"text-align: center;\"><strong><em>Den Fellnasen &#8211; Express nutzen heisst f\u00fcr sie :<\/em><\/strong><\/p>\n<p style=\"text-align: center;\"><strong><em>Einen gl\u00fccklichen und ausgelasteten Hund<\/em> <\/strong><\/p>\n<p>T\u00e4glichen und zuverl\u00e4ssigen Abhol &#8211; und Bringservice im Raum Neuk\u00f6lln, Tempelhof, Kreuzberg, teils Steglitz<\/p>\n<p>F\u00fcr Angrenzende und weitere Gebiete werden wir gemeinsam eine L\u00f6sung finden !<\/p>\n<p style=\"text-align: center;\">Falls sie Fragen haben, sind sie nur einen Anruf oder eine\u00a0<a title=\"Mail\" href=\"http:\/\/testwbb.stephanlamp.de\/kontakt\/\">Mail<\/a>\u00a0von mir entfernt !<\/p>\n<figure id=\"attachment_65\" aria-describedby=\"caption-attachment-65\" style=\"width: 150px\" class=\"wp-caption alignleft\"><img loading=\"lazy\" class=\"size-thumbnail wp-image-65\" src=\"http:\/\/fellnasen-express.de\/wp-content\/uploads\/2016\/03\/IMG_7582-320x200-150x150.jpg\" alt=\"Gassiservice Berlin\" width=\"150\" height=\"150\" \/><figcaption id=\"caption-attachment-65\" class=\"wp-caption-text\">Gassiservice Berlin<\/figcaption><\/figure>\n<figure id=\"attachment_64\" aria-describedby=\"caption-attachment-64\" style=\"width: 150px\" class=\"wp-caption alignright\"><img loading=\"lazy\" class=\"wp-image-64 size-thumbnail\" src=\"http:\/\/fellnasen-express.de\/wp-content\/uploads\/2016\/03\/1096981_603455196344616_1119160980_o-150x150.jpg\" alt=\"Hundetraining Gassiservice Berlin\" width=\"150\" height=\"150\" \/><figcaption id=\"caption-attachment-64\" class=\"wp-caption-text\">Dogwalking Hundeerziehung Gassiservice Berlin<\/figcaption><\/figure>\n","protected":false},"excerpt":{"rendered":"<p>Nicht einfach nur Gassi gehen&#8230;\u00a0 Hier ist ihr Gassi Service mit Pfiff \ud83d\ude42 Im Vordergrund stehen die individuellen Bed\u00fcrfnisse eines aber besonders ihres Hundes ! W\u00e4hrend Frauchen \/Herrchen die Kekse verdienen m\u00fcssen ist im heutigen Alltag manchmal nicht genug Zeit am Ende des Tages \u00fcber, um dem treuen Freund gerecht zu werden. Ein Projekt oder &hellip; <a href=\"http:\/\/hosting147528.a2f48.netcup.net\/\" class=\"more-link\"><span class=\"screen-reader-text\">Start<\/span> weiterlesen <span class=\"meta-nav\">&rarr;<\/span><\/a><\/p>\n","protected":false},"author":2,"featured_media":0,"parent":0,"menu_order":1,"comment_status":"closed","ping_status":"closed","template":"","meta":[],"_links":{"self":[{"href":"http:\/\/hosting147528.a2f48.netcup.net\/index.php?rest_route=\/wp\/v2\/pages\/6"}],"collection":[{"href":"http:\/\/hosting147528.a2f48.netcup.net\/index.php?rest_route=\/wp\/v2\/pages"}],"about":[{"href":"http:\/\/hosting147528.a2f48.netcup.net\/index.php?rest_route=\/wp\/v2\/types\/page"}],"author":[{"embeddable":true,"href":"http:\/\/hosting147528.a2f48.netcup.net\/index.php?rest_route=\/wp\/v2\/users\/2"}],"replies":[{"embeddable":true,"href":"http:\/\/hosting147528.a2f48.netcup.net\/index.php?rest_route=%2Fwp%2Fv2%2Fcomments&post=6"}],"version-history":[{"count":1,"href":"http:\/\/hosting147528.a2f48.netcup.net\/index.php?rest_route=\/wp\/v2\/pages\/6\/revisions"}],"predecessor-version":[{"id":114,"href":"http:\/\/hosting147528.a2f48.netcup.net\/index.php?rest_route=\/wp\/v2\/pages\/6\/revisions\/114"}],"wp:attachment":[{"href":"http:\/\/hosting147528.a2f48.netcup.net\/index.php?rest_route=%2Fwp%2Fv2%2Fmedia&parent=6"}],"curies":[{"name":"wp","href":"https:\/\/api.w.org\/{rel}","templated":true}]}}